{"id":2139,"date":"2021-12-09T16:42:51","date_gmt":"2021-12-09T15:42:51","guid":{"rendered":"https:\/\/wood.staging.vonrickenbach.swiss\/?page_id=2139"},"modified":"2022-07-13T15:39:26","modified_gmt":"2022-07-13T13:39:26","slug":"holzoberflaechenbehandlung","status":"publish","type":"page","link":"https:\/\/vonrickenbach.swiss\/wood\/de\/technologie\/holzoberflaechenbehandlung\/","title":{"rendered":"Holzoberfl\u00e4chenbehandlung"},"content":{"rendered":"","protected":false},"excerpt":{"rendered":"","protected":false},"author":1,"featured_media":0,"parent":222,"menu_order":0,"comment_status":"closed","ping_status":"closed","template":"","meta":{"_acf_changed":false,"inline_featured_image":false,"footnotes":""},"class_list":["post-2139","page","type-page","status-publish","hentry"],"acf":[],"yoast_head":"<!-- This site is optimized with the Yoast SEO plugin v27.3 - https:\/\/yoast.com\/product\/yoast-seo-wordpress\/ -->\n<title>Holzoberfl\u00e4chenbehandlung - von Rickenbach wood<\/title>\n<meta name=\"description\" content=\"Die professionelle Holzoberfl\u00e4chenbehandlung umfasst Lackieren, \u00d6len, Beizen und die Spritzkabinen. Viele dekorative Effekte sind m\u00f6glich.\" \/>\n<meta name=\"robots\" content=\"index, follow, max-snippet:-1, max-image-preview:large, max-video-preview:-1\" \/>\n<link rel=\"canonical\" href=\"https:\/\/vonrickenbach.swiss\/wood\/de\/technologie\/holzoberflaechenbehandlung\/\" \/>\n<meta property=\"og:locale\" content=\"de_DE\" \/>\n<meta property=\"og:type\" content=\"article\" \/>\n<meta property=\"og:title\" content=\"Holzoberfl\u00e4chenbehandlung - von Rickenbach wood\" \/>\n<meta property=\"og:description\" content=\"Die professionelle Holzoberfl\u00e4chenbehandlung umfasst Lackieren, \u00d6len, Beizen und die Spritzkabinen. Viele dekorative Effekte sind m\u00f6glich.\" \/>\n<meta property=\"og:url\" content=\"https:\/\/vonrickenbach.swiss\/wood\/de\/technologie\/holzoberflaechenbehandlung\/\" \/>\n<meta property=\"og:site_name\" content=\"von Rickenbach wood\" \/>\n<meta property=\"article:publisher\" content=\"https:\/\/www.facebook.com\/vonrickenbachswissag\" \/>\n<meta property=\"article:modified_time\" content=\"2022-07-13T13:39:26+00:00\" \/>\n<meta name=\"twitter:card\" content=\"summary_large_image\" \/>\n<script type=\"application\/ld+json\" class=\"yoast-schema-graph\">{\"@context\":\"https:\\\/\\\/schema.org\",\"@graph\":[{\"@type\":\"WebPage\",\"@id\":\"https:\\\/\\\/vonrickenbach.swiss\\\/wood\\\/de\\\/technologie\\\/holzoberflaechenbehandlung\\\/\",\"url\":\"https:\\\/\\\/vonrickenbach.swiss\\\/wood\\\/de\\\/technologie\\\/holzoberflaechenbehandlung\\\/\",\"name\":\"Holzoberfl\u00e4chenbehandlung - von Rickenbach wood\",\"isPartOf\":{\"@id\":\"https:\\\/\\\/vonrickenbach.swiss\\\/wood\\\/de\\\/#website\"},\"datePublished\":\"2021-12-09T15:42:51+00:00\",\"dateModified\":\"2022-07-13T13:39:26+00:00\",\"description\":\"Die professionelle Holzoberfl\u00e4chenbehandlung umfasst Lackieren, \u00d6len, Beizen und die Spritzkabinen. Viele dekorative Effekte sind m\u00f6glich.\",\"breadcrumb\":{\"@id\":\"https:\\\/\\\/vonrickenbach.swiss\\\/wood\\\/de\\\/technologie\\\/holzoberflaechenbehandlung\\\/#breadcrumb\"},\"inLanguage\":\"de\",\"potentialAction\":[{\"@type\":\"ReadAction\",\"target\":[\"https:\\\/\\\/vonrickenbach.swiss\\\/wood\\\/de\\\/technologie\\\/holzoberflaechenbehandlung\\\/\"]}]},{\"@type\":\"BreadcrumbList\",\"@id\":\"https:\\\/\\\/vonrickenbach.swiss\\\/wood\\\/de\\\/technologie\\\/holzoberflaechenbehandlung\\\/#breadcrumb\",\"itemListElement\":[{\"@type\":\"ListItem\",\"position\":1,\"name\":\"Startseite\",\"item\":\"https:\\\/\\\/vonrickenbach.swiss\\\/wood\\\/de\\\/\"},{\"@type\":\"ListItem\",\"position\":2,\"name\":\"Technologie\",\"item\":\"https:\\\/\\\/vonrickenbach.swiss\\\/wood\\\/de\\\/technologie\\\/\"},{\"@type\":\"ListItem\",\"position\":3,\"name\":\"Holzoberfl\u00e4chenbehandlung\"}]},{\"@type\":\"WebSite\",\"@id\":\"https:\\\/\\\/vonrickenbach.swiss\\\/wood\\\/de\\\/#website\",\"url\":\"https:\\\/\\\/vonrickenbach.swiss\\\/wood\\\/de\\\/\",\"name\":\"vonrickenbach.swiss Wood\",\"description\":\"Pioniere in der 5-Achs-CNC-Technologie.\",\"potentialAction\":[{\"@type\":\"SearchAction\",\"target\":{\"@type\":\"EntryPoint\",\"urlTemplate\":\"https:\\\/\\\/vonrickenbach.swiss\\\/wood\\\/de\\\/?s={search_term_string}\"},\"query-input\":{\"@type\":\"PropertyValueSpecification\",\"valueRequired\":true,\"valueName\":\"search_term_string\"}}],\"inLanguage\":\"de\"}]}<\/script>\n<!-- \/ Yoast SEO plugin. -->","yoast_head_json":{"title":"Holzoberfl\u00e4chenbehandlung - von Rickenbach wood","description":"Die professionelle Holzoberfl\u00e4chenbehandlung umfasst Lackieren, \u00d6len, Beizen und die Spritzkabinen. Viele dekorative Effekte sind m\u00f6glich.","robots":{"index":"index","follow":"follow","max-snippet":"max-snippet:-1","max-image-preview":"max-image-preview:large","max-video-preview":"max-video-preview:-1"},"canonical":"https:\/\/vonrickenbach.swiss\/wood\/de\/technologie\/holzoberflaechenbehandlung\/","og_locale":"de_DE","og_type":"article","og_title":"Holzoberfl\u00e4chenbehandlung - von Rickenbach wood","og_description":"Die professionelle Holzoberfl\u00e4chenbehandlung umfasst Lackieren, \u00d6len, Beizen und die Spritzkabinen. Viele dekorative Effekte sind m\u00f6glich.","og_url":"https:\/\/vonrickenbach.swiss\/wood\/de\/technologie\/holzoberflaechenbehandlung\/","og_site_name":"von Rickenbach wood","article_publisher":"https:\/\/www.facebook.com\/vonrickenbachswissag","article_modified_time":"2022-07-13T13:39:26+00:00","twitter_card":"summary_large_image","schema":{"@context":"https:\/\/schema.org","@graph":[{"@type":"WebPage","@id":"https:\/\/vonrickenbach.swiss\/wood\/de\/technologie\/holzoberflaechenbehandlung\/","url":"https:\/\/vonrickenbach.swiss\/wood\/de\/technologie\/holzoberflaechenbehandlung\/","name":"Holzoberfl\u00e4chenbehandlung - von Rickenbach wood","isPartOf":{"@id":"https:\/\/vonrickenbach.swiss\/wood\/de\/#website"},"datePublished":"2021-12-09T15:42:51+00:00","dateModified":"2022-07-13T13:39:26+00:00","description":"Die professionelle Holzoberfl\u00e4chenbehandlung umfasst Lackieren, \u00d6len, Beizen und die Spritzkabinen. Viele dekorative Effekte sind m\u00f6glich.","breadcrumb":{"@id":"https:\/\/vonrickenbach.swiss\/wood\/de\/technologie\/holzoberflaechenbehandlung\/#breadcrumb"},"inLanguage":"de","potentialAction":[{"@type":"ReadAction","target":["https:\/\/vonrickenbach.swiss\/wood\/de\/technologie\/holzoberflaechenbehandlung\/"]}]},{"@type":"BreadcrumbList","@id":"https:\/\/vonrickenbach.swiss\/wood\/de\/technologie\/holzoberflaechenbehandlung\/#breadcrumb","itemListElement":[{"@type":"ListItem","position":1,"name":"Startseite","item":"https:\/\/vonrickenbach.swiss\/wood\/de\/"},{"@type":"ListItem","position":2,"name":"Technologie","item":"https:\/\/vonrickenbach.swiss\/wood\/de\/technologie\/"},{"@type":"ListItem","position":3,"name":"Holzoberfl\u00e4chenbehandlung"}]},{"@type":"WebSite","@id":"https:\/\/vonrickenbach.swiss\/wood\/de\/#website","url":"https:\/\/vonrickenbach.swiss\/wood\/de\/","name":"vonrickenbach.swiss Wood","description":"Pioniere in der 5-Achs-CNC-Technologie.","potentialAction":[{"@type":"SearchAction","target":{"@type":"EntryPoint","urlTemplate":"https:\/\/vonrickenbach.swiss\/wood\/de\/?s={search_term_string}"},"query-input":{"@type":"PropertyValueSpecification","valueRequired":true,"valueName":"search_term_string"}}],"inLanguage":"de"}]}},"_links":{"self":[{"href":"https:\/\/vonrickenbach.swiss\/wood\/de\/wp-json\/wp\/v2\/pages\/2139","targetHints":{"allow":["GET"]}}],"collection":[{"href":"https:\/\/vonrickenbach.swiss\/wood\/de\/wp-json\/wp\/v2\/pages"}],"about":[{"href":"https:\/\/vonrickenbach.swiss\/wood\/de\/wp-json\/wp\/v2\/types\/page"}],"author":[{"embeddable":true,"href":"https:\/\/vonrickenbach.swiss\/wood\/de\/wp-json\/wp\/v2\/users\/1"}],"replies":[{"embeddable":true,"href":"https:\/\/vonrickenbach.swiss\/wood\/de\/wp-json\/wp\/v2\/comments?post=2139"}],"version-history":[{"count":9,"href":"https:\/\/vonrickenbach.swiss\/wood\/de\/wp-json\/wp\/v2\/pages\/2139\/revisions"}],"predecessor-version":[{"id":3490,"href":"https:\/\/vonrickenbach.swiss\/wood\/de\/wp-json\/wp\/v2\/pages\/2139\/revisions\/3490"}],"up":[{"embeddable":true,"href":"https:\/\/vonrickenbach.swiss\/wood\/de\/wp-json\/wp\/v2\/pages\/222"}],"wp:attachment":[{"href":"https:\/\/vonrickenbach.swiss\/wood\/de\/wp-json\/wp\/v2\/media?parent=2139"}],"curies":[{"name":"wp","href":"https:\/\/api.w.org\/{rel}","templated":true}]}}